{"id":38,"date":"2022-12-27T16:23:11","date_gmt":"2022-12-27T16:23:11","guid":{"rendered":"https:\/\/nemetiimrealapitvany.hu\/tg\/?page_id=38"},"modified":"2022-12-29T11:20:53","modified_gmt":"2022-12-29T11:20:53","slug":"alapitvany","status":"publish","type":"page","link":"https:\/\/nemetiimrealapitvany.hu\/?page_id=38","title":{"rendered":"ALAP\u00cdTV\u00c1NY"},"content":{"rendered":"<p>Az Alap\u00edtv\u00e1ny c\u00e9lja, hogy a n\u00e9hai N\u00e9meti Imre alap\u00edt\u00f3 \u00e1ltal 2019. \u00e9vben megalap\u00edtott N\u00e9meti Imre Alap\u00edtv\u00e1ny t\u00e1mogat\u00e1st ny\u00fajtson balmaz\u00fajv\u00e1rosi \u00e1lland\u00f3 lakos\u00fa, k\u00f6z\u00e9piskol\u00e1ban tanul\u00f3 h\u00e1tr\u00e1nyos helyzet\u0171, de j\u00f3 tanulm\u00e1nyi eredm\u00e9ny\u0171 fiatalok r\u00e9sz\u00e9re annak \u00e9rdek\u00e9ben, hogy tanulm\u00e1nyaikat min\u00e9l jobb eredm\u00e9nnyel v\u00e9gezz\u00e9k \u00e9s ez\u00e1ltal fels\u0151fok\u00fa tanulm\u00e1nyokat folytatva olyan szakk\u00e9pes\u00edt\u00e9st szerezzenek, amelyet j\u00f3l tudnak hasznos\u00edtani lak\u00f3hely\u00fck\u00f6n, mind csal\u00e1djuk, mind Balmaz\u00fajv\u00e1ros fejl\u0151d\u00e9se \u00e9rdek\u00e9ben.<\/p>\n","protected":false},"excerpt":{"rendered":"<p>Az Alap\u00edtv\u00e1ny c\u00e9lja, hogy a n\u00e9hai N\u00e9meti Imre alap\u00edt\u00f3 \u00e1ltal 2019. \u00e9vben megalap\u00edtott N\u00e9meti Imre Alap\u00edtv\u00e1ny t\u00e1mogat\u00e1st ny\u00fajtson balmaz\u00fajv\u00e1rosi \u00e1lland\u00f3 lakos\u00fa, k\u00f6z\u00e9piskol\u00e1ban tanul\u00f3 h\u00e1tr\u00e1nyos helyzet\u0171, de j\u00f3 tanulm\u00e1nyi eredm\u00e9ny\u0171 fiatalok r\u00e9sz\u00e9re annak \u00e9rdek\u00e9ben, hogy tanulm\u00e1nyaikat min\u00e9l jobb eredm\u00e9nnyel v\u00e9gezz\u00e9k \u00e9s ez\u00e1ltal fels\u0151fok\u00fa tanulm\u00e1nyokat folytatva olyan szakk\u00e9pes\u00edt\u00e9st szerezzenek, amelyet j\u00f3l tudnak hasznos\u00edtani lak\u00f3hely\u00fck\u00f6n, mind csal\u00e1djuk, mind&#8230;<\/p>\n","protected":false},"author":1,"featured_media":0,"parent":0,"menu_order":0,"comment_status":"closed","ping_status":"closed","template":"","meta":{"footnotes":""},"class_list":["post-38","page","type-page","status-publish","hentry"],"_links":{"self":[{"href":"https:\/\/nemetiimrealapitvany.hu\/index.php?rest_route=\/wp\/v2\/pages\/38","targetHints":{"allow":["GET"]}}],"collection":[{"href":"https:\/\/nemetiimrealapitvany.hu\/index.php?rest_route=\/wp\/v2\/pages"}],"about":[{"href":"https:\/\/nemetiimrealapitvany.hu\/index.php?rest_route=\/wp\/v2\/types\/page"}],"author":[{"embeddable":true,"href":"https:\/\/nemetiimrealapitvany.hu\/index.php?rest_route=\/wp\/v2\/users\/1"}],"replies":[{"embeddable":true,"href":"https:\/\/nemetiimrealapitvany.hu\/index.php?rest_route=%2Fwp%2Fv2%2Fcomments&post=38"}],"version-history":[{"count":2,"href":"https:\/\/nemetiimrealapitvany.hu\/index.php?rest_route=\/wp\/v2\/pages\/38\/revisions"}],"predecessor-version":[{"id":100,"href":"https:\/\/nemetiimrealapitvany.hu\/index.php?rest_route=\/wp\/v2\/pages\/38\/revisions\/100"}],"wp:attachment":[{"href":"https:\/\/nemetiimrealapitvany.hu\/index.php?rest_route=%2Fwp%2Fv2%2Fmedia&parent=38"}],"curies":[{"name":"wp","href":"https:\/\/api.w.org\/{rel}","templated":true}]}}