{"id":25,"date":"2022-12-27T15:51:17","date_gmt":"2022-12-27T15:51:17","guid":{"rendered":"https:\/\/nemetiimrealapitvany.hu\/tg\/?page_id=25"},"modified":"2022-12-28T19:38:27","modified_gmt":"2022-12-28T19:38:27","slug":"kapcsolat","status":"publish","type":"page","link":"https:\/\/nemetiimrealapitvany.hu\/?page_id=25","title":{"rendered":"KAPCSOLAT"},"content":{"rendered":"<p>N\u00e9meti Imre Alap\u00edtv\u00e1ny<br \/>\nNyilv\u00e1ntart\u00e1si sz\u00e1m: 09-01-0002226<br \/>\nAd\u00f3sz\u00e1m: 19151946-1-09<\/p>\n<p>4060 Balmaz\u00fajv\u00e1ros, Bethlen utca 1\/B.<\/p>\n<p>e-mail: alapitvany@nemetiimrealapitvany.hu<\/p>\n","protected":false},"excerpt":{"rendered":"<p>N\u00e9meti Imre Alap\u00edtv\u00e1ny Nyilv\u00e1ntart\u00e1si sz\u00e1m: 09-01-0002226 Ad\u00f3sz\u00e1m: 19151946-1-09 4060 Balmaz\u00fajv\u00e1ros, Bethlen utca 1\/B. e-mail: alapitvany@nemetiimrealapitvany.hu<\/p>\n","protected":false},"author":1,"featured_media":0,"parent":0,"menu_order":0,"comment_status":"closed","ping_status":"closed","template":"","meta":{"footnotes":""},"class_list":["post-25","page","type-page","status-publish","hentry"],"_links":{"self":[{"href":"https:\/\/nemetiimrealapitvany.hu\/index.php?rest_route=\/wp\/v2\/pages\/25","targetHints":{"allow":["GET"]}}],"collection":[{"href":"https:\/\/nemetiimrealapitvany.hu\/index.php?rest_route=\/wp\/v2\/pages"}],"about":[{"href":"https:\/\/nemetiimrealapitvany.hu\/index.php?rest_route=\/wp\/v2\/types\/page"}],"author":[{"embeddable":true,"href":"https:\/\/nemetiimrealapitvany.hu\/index.php?rest_route=\/wp\/v2\/users\/1"}],"replies":[{"embeddable":true,"href":"https:\/\/nemetiimrealapitvany.hu\/index.php?rest_route=%2Fwp%2Fv2%2Fcomments&post=25"}],"version-history":[{"count":5,"href":"https:\/\/nemetiimrealapitvany.hu\/index.php?rest_route=\/wp\/v2\/pages\/25\/revisions"}],"predecessor-version":[{"id":85,"href":"https:\/\/nemetiimrealapitvany.hu\/index.php?rest_route=\/wp\/v2\/pages\/25\/revisions\/85"}],"wp:attachment":[{"href":"https:\/\/nemetiimrealapitvany.hu\/index.php?rest_route=%2Fwp%2Fv2%2Fmedia&parent=25"}],"curies":[{"name":"wp","href":"https:\/\/api.w.org\/{rel}","templated":true}]}}