{"id":23,"date":"2022-12-27T14:53:29","date_gmt":"2022-12-27T14:53:29","guid":{"rendered":"https:\/\/nemetiimrealapitvany.hu\/tg\/?page_id=23"},"modified":"2022-12-30T14:01:57","modified_gmt":"2022-12-30T14:01:57","slug":"nemeti-imre","status":"publish","type":"page","link":"https:\/\/nemetiimrealapitvany.hu\/?page_id=23","title":{"rendered":"N\u00c9METI IMRE"},"content":{"rendered":"<p style=\"text-align: center;\">1929-2019<\/p>\n<p style=\"text-align: left;\">N\u00e9meti Imre 1929. m\u00e1jus 26-\u00e1n sz\u00fcletett Balmaz\u00fajv\u00e1roson egy fiatal paraszti h\u00e1zasp\u00e1r els\u0151 gyermekek\u00e9nt. Majd \u0151t k\u00f6vette m\u00e9g m\u00e1sik h\u00e1rom fi\u00fa, k\u00f6z\u00fcl\u00fck egy csecsem\u0151k\u00e9nt kor\u00e1n elhunyt. Sajnos nem csak a h\u00e1bor\u00fa nehez\u00edtette a csal\u00e1d \u00e9let\u00e9t, hanem az \u00e9desapa fiatalkori s\u00falyos betegs\u00e9ge is, akit m\u00e9g 1943-ban elvitt a t\u00fcd\u0151betegs\u00e9g. Az \u00f6zvegy \u00e9desanya, az akkor m\u00e1r 14 \u00e9ves, legnagyobb fi\u00faval pr\u00f3b\u00e1lta eltartani \u00e9s nevelni a csal\u00e1dot.<\/p>\n<p style=\"text-align: left;\">Asztalosipari tanul\u00f3k\u00e9nt k<img loading=\"lazy\" decoding=\"async\" class=\"size-medium wp-image-88 alignright\" src=\"http:\/\/nemetiimrealapitvany.hu\/tg\/wp-content\/uploads\/2022\/12\/NI2-209x300.jpg\" alt=\"\" width=\"209\" height=\"300\" srcset=\"https:\/\/nemetiimrealapitvany.hu\/wp-content\/uploads\/2022\/12\/NI2-209x300.jpg 209w, https:\/\/nemetiimrealapitvany.hu\/wp-content\/uploads\/2022\/12\/NI2-300x430.jpg 300w, https:\/\/nemetiimrealapitvany.hu\/wp-content\/uploads\/2022\/12\/NI2.jpg 600w\" sizes=\"auto, (max-width: 209px) 100vw, 209px\" \/>or\u00e1n megtanulta, hogyan lehet sok munk\u00e1val \u00e9s nagy akarater\u0151vel meg\u00e9lni a saj\u00e1t l\u00e1b\u00e1n, a saj\u00e1t erej\u00e9b\u0151l. Kezdetben mester\u00e9n\u00e9l dolgozott majd az akkor m\u00e9g hossz\u00fa katonai szolg\u00e1lat, 3 \u00e9v, let\u00f6lt\u00e9se ut\u00e1n Debrecenben a B\u00fatorgy\u00e1rban helyezkedett el. R\u00f6vid id\u0151n bel\u00fcl r\u00e1j\u00f6tt, hogy sz\u00edvesebben szeretne a saj\u00e1t l\u00e1b\u00e1ra \u00e1llni \u00e9s ez\u00e9rt iparenged\u00e9lyt k\u00e9rt \u00e9s 1953-t\u00f3l, mint asztalos mester \u00f6n\u00e1ll\u00f3s\u00edtotta mag\u00e1t. A Daru 2. utc\u00e1ban (ami k\u00e9s\u0151bb Miksz\u00e1th K\u00e1lm\u00e1n utca lett) megteremtette a saj\u00e1t m\u0171hely\u00e9t. A nagymam\u00e1ja h\u00e1z\u00e1t megvette, amiben egy\u00fctt lakott a nagymam\u00e1ja \u00e9s akkor m\u00e1r n\u0151s emberk\u00e9nt a feles\u00e9ge \u00e9s egy gyermeke is. A m\u0171hely a h\u00e1z h\u00e1ts\u00f3 szob\u00e1ja volt. Fokozatosan b\u0151v\u00fclt a munk\u00e1ja ir\u00e1nti ig\u00e9ny is, egyre t\u00f6bb megb\u00edz\u00e1st kapott. Megtoldotta a kis paraszth\u00e1zat, tanul\u00f3kat is nevelt \u00e9s sz\u00e9pen n\u00f6vekedni kezdett az ipara. A szok\u00e1sos ajt\u00f3, ablak \u00e9s egyszer\u0171bb b\u00fatorokon k\u00edv\u00fcl parkett\u00e1t \u00e9s fa red\u0151ny\u00f6ket is kezdett k\u00e9sz\u00edteni. Gyorsan kin\u0151tte a Darui kis h\u00e1zat \u00e9s 1965-ben meg\u00e9p\u00edtett egy \u00faj h\u00e1zat \u00e9s m\u0171helyt, amiben hal\u00e1l\u00e1ig \u00e9lt \u00e9s dolgozott. Asztalosk\u00e9nt t\u00f6bb, mint 40 fiatal fi\u00fab\u00f3l asztalos szakmunk\u00e1st nevelt ki. Szigor\u00fa volt mag\u00e1val szemben is, de tanul\u00f3ival is. J\u00f3l k\u00e9pzett szakemberek ker\u00fcltek ki a m\u0171hely\u00e9b\u0151l.<\/p>\n<p style=\"text-align: left;\"><img loading=\"lazy\" decoding=\"async\" class=\"size-medium wp-image-89 alignleft\" src=\"http:\/\/nemetiimrealapitvany.hu\/tg\/wp-content\/uploads\/2022\/12\/NI3-209x300.jpg\" alt=\"\" width=\"209\" height=\"300\" srcset=\"https:\/\/nemetiimrealapitvany.hu\/wp-content\/uploads\/2022\/12\/NI3-209x300.jpg 209w, https:\/\/nemetiimrealapitvany.hu\/wp-content\/uploads\/2022\/12\/NI3-300x430.jpg 300w, https:\/\/nemetiimrealapitvany.hu\/wp-content\/uploads\/2022\/12\/NI3.jpg 600w\" sizes=\"auto, (max-width: 209px) 100vw, 209px\" \/>\u00c9let\u00e9ben mindig nagyon sokat dolgozott. Akaratereje, szorgalma, becs\u00fcletess\u00e9ge tette lehet\u0151v\u00e9, hogy az egykori, f\u00e9l\u00e1rva, szeg\u00e9ny fi\u00facsk\u00e1b\u00f3l anyagilag is meger\u0151s\u00f6dve, szakmai tekint\u00e9lly\u00e9 v\u00e1ljon m\u00e1r viszonylag fiatalon. Az 1990-es \u00e9vek elej\u00e9n elkezdett mez\u0151gazd\u00e1lkod\u00e1ssal is foglalkozni. M\u00e1r \u0151sz fejjel \u00fclt be az iskolapadba \u00e9s elv\u00e9gezte az Aranykal\u00e1szos Gazdak\u00e9pz\u0151 iskol\u00e1t is.<\/p>\n<p style=\"text-align: left;\">Kilencven \u00e9vet \u00e9lt, mindv\u00e9gig nagyon sokat dolgozott, a munka adta \u00e9lete \u00e9rtelm\u00e9t.<\/p>\n<p style=\"text-align: left;\">Kisgyerekkori elhat\u00e1roz\u00e1s\u00e1t val\u00f3s\u00edtotta meg, amikor l\u00e9trehozta Alap\u00edtv\u00e1ny\u00e1t, hogy a szer\u00e9ny k\u00f6r\u00fclm\u00e9nyek k\u00f6z\u00f6tt \u00e9l\u0151 tehets\u00e9ges, Balmaz\u00fajv\u00e1roson \u00e9l\u0151 gyermekek tanul\u00e1s\u00e1t t\u00e1mogathassa.<\/p>\n","protected":false},"excerpt":{"rendered":"<p>1929-2019 N\u00e9meti Imre 1929. m\u00e1jus 26-\u00e1n sz\u00fcletett Balmaz\u00fajv\u00e1roson egy fiatal paraszti h\u00e1zasp\u00e1r els\u0151 gyermekek\u00e9nt. Majd \u0151t k\u00f6vette m\u00e9g m\u00e1sik h\u00e1rom fi\u00fa, k\u00f6z\u00fcl\u00fck egy csecsem\u0151k\u00e9nt kor\u00e1n elhunyt. Sajnos nem csak a h\u00e1bor\u00fa nehez\u00edtette a csal\u00e1d \u00e9let\u00e9t, hanem az \u00e9desapa fiatalkori s\u00falyos betegs\u00e9ge is, akit m\u00e9g 1943-ban elvitt a t\u00fcd\u0151betegs\u00e9g. Az \u00f6zvegy \u00e9desanya, az akkor m\u00e1r 14&#8230;<\/p>\n","protected":false},"author":1,"featured_media":0,"parent":0,"menu_order":0,"comment_status":"closed","ping_status":"closed","template":"","meta":{"footnotes":""},"class_list":["post-23","page","type-page","status-publish","hentry"],"_links":{"self":[{"href":"https:\/\/nemetiimrealapitvany.hu\/index.php?rest_route=\/wp\/v2\/pages\/23","targetHints":{"allow":["GET"]}}],"collection":[{"href":"https:\/\/nemetiimrealapitvany.hu\/index.php?rest_route=\/wp\/v2\/pages"}],"about":[{"href":"https:\/\/nemetiimrealapitvany.hu\/index.php?rest_route=\/wp\/v2\/types\/page"}],"author":[{"embeddable":true,"href":"https:\/\/nemetiimrealapitvany.hu\/index.php?rest_route=\/wp\/v2\/users\/1"}],"replies":[{"embeddable":true,"href":"https:\/\/nemetiimrealapitvany.hu\/index.php?rest_route=%2Fwp%2Fv2%2Fcomments&post=23"}],"version-history":[{"count":5,"href":"https:\/\/nemetiimrealapitvany.hu\/index.php?rest_route=\/wp\/v2\/pages\/23\/revisions"}],"predecessor-version":[{"id":91,"href":"https:\/\/nemetiimrealapitvany.hu\/index.php?rest_route=\/wp\/v2\/pages\/23\/revisions\/91"}],"wp:attachment":[{"href":"https:\/\/nemetiimrealapitvany.hu\/index.php?rest_route=%2Fwp%2Fv2%2Fmedia&parent=23"}],"curies":[{"name":"wp","href":"https:\/\/api.w.org\/{rel}","templated":true}]}}